{"id":652,"date":"2026-01-09T03:12:39","date_gmt":"2026-01-09T03:12:39","guid":{"rendered":"https:\/\/entrecuervos.com\/?page_id=652"},"modified":"2026-01-09T03:12:41","modified_gmt":"2026-01-09T03:12:41","slug":"islamujeres","status":"publish","type":"page","link":"https:\/\/entrecuervos.com\/index.php\/islamujeres\/","title":{"rendered":"IslaMujeres"},"content":{"rendered":"\n<div class=\"wp-block-group alignwide is-layout-constrained wp-container-core-group-is-layout-11c1ca01 wp-block-group-is-layout-constrained\" style=\"padding-right:var(--wp--preset--spacing--50);padding-left:var(--wp--preset--spacing--50)\">\n<div class=\"wp-block-columns is-layout-flex wp-container-core-columns-is-layout-28f84493 wp-block-columns-is-layout-flex\">\n<div class=\"wp-block-column is-layout-flow wp-block-column-is-layout-flow\">\n<figure class=\"wp-block-image size-full\"><img loading=\"lazy\" decoding=\"async\" width=\"500\" height=\"500\" src=\"https:\/\/entrecuervos.com\/wp-content\/uploads\/2024\/10\/cuervos.png\" alt=\"\" class=\"wp-image-41\" srcset=\"https:\/\/entrecuervos.com\/wp-content\/uploads\/2024\/10\/cuervos.png 500w, https:\/\/entrecuervos.com\/wp-content\/uploads\/2024\/10\/cuervos-300x300.png 300w, https:\/\/entrecuervos.com\/wp-content\/uploads\/2024\/10\/cuervos-150x150.png 150w\" sizes=\"auto, (max-width: 500px) 100vw, 500px\" \/><\/figure>\n<\/div>\n\n\n\n<div class=\"wp-block-column is-vertically-aligned-center is-layout-flow wp-container-core-column-is-layout-6c3a54ee wp-block-column-is-layout-flow\" style=\"padding-top:0px;padding-right:0px;padding-bottom:0px;padding-left:0px\">\n<p class=\"has-source-serif-pro-font-family\" style=\"font-size:1.18rem\">Transportamos informaci\u00f3n cargada de \u00e9tica profesional y compromiso con la libertad de escribir en forma veraz del quehacer pol\u00edtico, empresarial, gobierno y cultural de Quintana Roo.<\/p>\n<\/div>\n<\/div>\n\n\n\n\n\t<div class=\"container\">\n\t <audio id=\"audio\" >\n      <source src=\"https:\/\/apnpjtfxvncqboeatvol.supabase.co\/storage\/v1\/object\/public\/TonyBucket\/raven-call.mp3?t=2024-11-06T19%3A34%3A07.603Z\" type=\"audio\/mpeg\">\n      Your browser does not support the audio element.\n   <\/audio>\n\t<div class=\"bird-container bird-container--one\">\n\t\t<div class=\"bird bird--one\"><\/div>\n\t<\/div>\n\t\n\t<div class=\"bird-container bird-container--two\">\n\t\t<div class=\"bird bird--two\"><\/div>\n\t<\/div>\n\t\n\t<div class=\"bird-container bird-container--three\">\n\t\t<div class=\"bird bird--three\"><\/div>\n\t<\/div>\n\t\n\t<div class=\"bird-container bird-container--four\">\n\t\t<div class=\"bird bird--four\"><\/div>\n\t<\/div>\n\t\n<\/div>\n<script>\nwindow.addEventListener(\"scroll\", () => {\n\t\t\t  const playAudio = document.getElementById(\"audio\");\n\t\t\t  if (window.scrollY > 100) {\n\t\t\t\tplayAudio.play();\n\t\t\t  }\n\t\t\t});\n<\/script>\n\n\n\n<hr class=\"wp-block-separator has-alpha-channel-opacity is-style-wide\"\/>\n\n\n\n<div class=\"wp-block-query alignwide is-layout-constrained wp-block-query-is-layout-constrained\"><ul class=\"alignwide wp-block-post-template is-layout-flow wp-block-post-template-is-layout-flow\"><li class=\"wp-block-post post-703 post type-post status-publish format-standard has-post-thumbnail hentry category-politica tag-rafael-quintanar\">\n\n<div class=\"wp-block-group is-layout-constrained wp-block-group-is-layout-constrained\"><h2 class=\"alignwide wp-block-post-title has-var-wp-custom-typography-font-size-huge-clamp-2-25-rem-4-vw-2-75-rem-font-size\"><a href=\"https:\/\/entrecuervos.com\/index.php\/2026\/01\/29\/round-de-sombra\/\" target=\"_self\" >Round de sombra !!<\/a><\/h2>\n\n<figure style=\"aspect-ratio:auto;height:60vh; margin-top:calc(1.75 * var(--wp--style--block-gap));\" class=\"alignwide wp-block-post-featured-image\"><a href=\"https:\/\/entrecuervos.com\/index.php\/2026\/01\/29\/round-de-sombra\/\" target=\"_blank\"  style=\"height:60vh\"><img loading=\"lazy\" decoding=\"async\" width=\"1072\" height=\"1600\" src=\"https:\/\/entrecuervos.com\/wp-content\/uploads\/2026\/01\/image-3.png\" class=\"attachment-post-thumbnail size-post-thumbnail wp-post-image\" alt=\"Round de sombra !!\" style=\"width:100%;height:100%;object-fit:cover;\" srcset=\"https:\/\/entrecuervos.com\/wp-content\/uploads\/2026\/01\/image-3.png 1072w, https:\/\/entrecuervos.com\/wp-content\/uploads\/2026\/01\/image-3-201x300.png 201w, https:\/\/entrecuervos.com\/wp-content\/uploads\/2026\/01\/image-3-686x1024.png 686w, https:\/\/entrecuervos.com\/wp-content\/uploads\/2026\/01\/image-3-768x1146.png 768w, https:\/\/entrecuervos.com\/wp-content\/uploads\/2026\/01\/image-3-1029x1536.png 1029w\" sizes=\"auto, (max-width: 1072px) 100vw, 1072px\" \/><\/a><\/figure>\n\n\n<div class=\"wp-block-columns alignwide is-layout-flex wp-container-core-columns-is-layout-28f84493 wp-block-columns-is-layout-flex\">\n<div class=\"wp-block-column is-layout-flow wp-block-column-is-layout-flow\" style=\"flex-basis:650px\"><div style=\"font-style:italic;font-weight:500;\" class=\"wp-block-post-author-name has-source-serif-pro-font-family\">Joana Meza<\/div>\n\n<div class=\"wp-block-post-excerpt has-source-serif-pro-font-family\"><p class=\"wp-block-post-excerpt__excerpt\">En d\u00edas pasados, cuando est\u00e1bamos con la tensi\u00f3n internacional de los amagues del pirata Trump, buscando saquear a los pa\u00edses m\u00e1s ricos, quit\u00e1ndoles su petr\u00f3leo, uranio, invadiendo territorio, asesinando gente y amenazando pa\u00edses, incluyendo el nuestro, en Canc\u00fan sali\u00f3 la nota de la creaci\u00f3n del TUCOG. Lo que realmente deja ver un gran desatino por <a class=\"wp-block-post-excerpt__more-link\" href=\"https:\/\/entrecuervos.com\/index.php\/2026\/01\/29\/round-de-sombra\/\">Leer m\u00e1s<\/a><\/p><\/div>\n\n<div style=\"font-style:italic;font-weight:400;\" class=\"wp-block-post-date has-small-font-size\"><time datetime=\"2026-01-29T15:35:12+00:00\"><a href=\"https:\/\/entrecuervos.com\/index.php\/2026\/01\/29\/round-de-sombra\/\">enero 29, 2026<\/a><\/time><\/div><\/div>\n\n\n\n<div class=\"wp-block-column is-layout-flow wp-block-column-is-layout-flow\"><\/div>\n<\/div>\n\n\n\n<div style=\"height:16px\" aria-hidden=\"true\" class=\"wp-block-spacer\"><\/div>\n\n\n\n<hr class=\"wp-block-separator has-css-opacity alignwide is-style-wide\"\/>\n\n\n\n<div style=\"height:16px\" aria-hidden=\"true\" class=\"wp-block-spacer\"><\/div>\n<\/div>\n\n<\/li><\/ul><\/div>\n<\/div>\n","protected":false},"excerpt":{"rendered":"<p>Transportamos informaci\u00f3n cargada de \u00e9tica profesional y compromiso con la libertad de escribir en forma veraz del quehacer pol\u00edtico, empresarial, gobierno y cultural de Quintana Roo. Your browser does not support the audio element.<\/p>\n","protected":false},"author":1,"featured_media":0,"parent":0,"menu_order":0,"comment_status":"closed","ping_status":"closed","template":"","meta":{"footnotes":""},"class_list":["post-652","page","type-page","status-publish","hentry"],"yoast_head":"<!-- This site is optimized with the Yoast SEO plugin v24.2 - https:\/\/yoast.com\/wordpress\/plugins\/seo\/ -->\n<title>IslaMujeres - Cuervos<\/title>\n<meta name=\"robots\" content=\"index, follow, max-snippet:-1, max-image-preview:large, max-video-preview:-1\" \/>\n<link rel=\"canonical\" href=\"https:\/\/entrecuervos.com\/index.php\/islamujeres\/\" \/>\n<meta property=\"og:locale\" content=\"es_ES\" \/>\n<meta property=\"og:type\" content=\"article\" \/>\n<meta property=\"og:title\" content=\"IslaMujeres - Cuervos\" \/>\n<meta property=\"og:description\" content=\"Transportamos informaci\u00f3n cargada de \u00e9tica profesional y compromiso con la libertad de escribir en forma veraz del quehacer pol\u00edtico, empresarial, gobierno y cultural de Quintana Roo. Your browser does not support the audio element.\" \/>\n<meta property=\"og:url\" content=\"https:\/\/entrecuervos.com\/index.php\/islamujeres\/\" \/>\n<meta property=\"og:site_name\" content=\"Cuervos\" \/>\n<meta property=\"article:publisher\" content=\"https:\/\/www.facebook.com\/profile.php?id=61567087775946\" \/>\n<meta property=\"article:modified_time\" content=\"2026-01-09T03:12:41+00:00\" \/>\n<meta property=\"og:image\" content=\"https:\/\/entrecuervos.com\/wp-content\/uploads\/2024\/10\/cuervos.png\" \/>\n\t<meta property=\"og:image:width\" content=\"500\" \/>\n\t<meta property=\"og:image:height\" content=\"500\" \/>\n\t<meta property=\"og:image:type\" content=\"image\/png\" \/>\n<meta name=\"twitter:card\" content=\"summary_large_image\" \/>\n<meta name=\"twitter:site\" content=\"@Cuervos02\" \/>\n<meta name=\"twitter:label1\" content=\"Tiempo de lectura\" \/>\n\t<meta name=\"twitter:data1\" content=\"1 minuto\" \/>\n<script type=\"application\/ld+json\" class=\"yoast-schema-graph\">{\"@context\":\"https:\/\/schema.org\",\"@graph\":[{\"@type\":\"WebPage\",\"@id\":\"https:\/\/entrecuervos.com\/index.php\/islamujeres\/\",\"url\":\"https:\/\/entrecuervos.com\/index.php\/islamujeres\/\",\"name\":\"IslaMujeres - Cuervos\",\"isPartOf\":{\"@id\":\"https:\/\/entrecuervos.com\/#website\"},\"primaryImageOfPage\":{\"@id\":\"https:\/\/entrecuervos.com\/index.php\/islamujeres\/#primaryimage\"},\"image\":{\"@id\":\"https:\/\/entrecuervos.com\/index.php\/islamujeres\/#primaryimage\"},\"thumbnailUrl\":\"https:\/\/entrecuervos.com\/wp-content\/uploads\/2024\/10\/cuervos.png\",\"datePublished\":\"2026-01-09T03:12:39+00:00\",\"dateModified\":\"2026-01-09T03:12:41+00:00\",\"breadcrumb\":{\"@id\":\"https:\/\/entrecuervos.com\/index.php\/islamujeres\/#breadcrumb\"},\"inLanguage\":\"es\",\"potentialAction\":[{\"@type\":\"ReadAction\",\"target\":[\"https:\/\/entrecuervos.com\/index.php\/islamujeres\/\"]}]},{\"@type\":\"ImageObject\",\"inLanguage\":\"es\",\"@id\":\"https:\/\/entrecuervos.com\/index.php\/islamujeres\/#primaryimage\",\"url\":\"https:\/\/entrecuervos.com\/wp-content\/uploads\/2024\/10\/cuervos.png\",\"contentUrl\":\"https:\/\/entrecuervos.com\/wp-content\/uploads\/2024\/10\/cuervos.png\",\"width\":500,\"height\":500},{\"@type\":\"BreadcrumbList\",\"@id\":\"https:\/\/entrecuervos.com\/index.php\/islamujeres\/#breadcrumb\",\"itemListElement\":[{\"@type\":\"ListItem\",\"position\":1,\"name\":\"Portada\",\"item\":\"https:\/\/entrecuervos.com\/\"},{\"@type\":\"ListItem\",\"position\":2,\"name\":\"IslaMujeres\"}]},{\"@type\":\"WebSite\",\"@id\":\"https:\/\/entrecuervos.com\/#website\",\"url\":\"https:\/\/entrecuervos.com\/\",\"name\":\"cuervos\",\"description\":\"El mensaje, a pesar del riesgo.\",\"publisher\":{\"@id\":\"https:\/\/entrecuervos.com\/#organization\"},\"potentialAction\":[{\"@type\":\"SearchAction\",\"target\":{\"@type\":\"EntryPoint\",\"urlTemplate\":\"https:\/\/entrecuervos.com\/?s={search_term_string}\"},\"query-input\":{\"@type\":\"PropertyValueSpecification\",\"valueRequired\":true,\"valueName\":\"search_term_string\"}}],\"inLanguage\":\"es\"},{\"@type\":\"Organization\",\"@id\":\"https:\/\/entrecuervos.com\/#organization\",\"name\":\"cuervos\",\"url\":\"https:\/\/entrecuervos.com\/\",\"logo\":{\"@type\":\"ImageObject\",\"inLanguage\":\"es\",\"@id\":\"https:\/\/entrecuervos.com\/#\/schema\/logo\/image\/\",\"url\":\"https:\/\/entrecuervos.com\/wp-content\/uploads\/2024\/10\/cuervos.png\",\"contentUrl\":\"https:\/\/entrecuervos.com\/wp-content\/uploads\/2024\/10\/cuervos.png\",\"width\":500,\"height\":500,\"caption\":\"cuervos\"},\"image\":{\"@id\":\"https:\/\/entrecuervos.com\/#\/schema\/logo\/image\/\"},\"sameAs\":[\"https:\/\/www.facebook.com\/profile.php?id=61567087775946\",\"https:\/\/x.com\/Cuervos02\"]}]}<\/script>\n<!-- \/ Yoast SEO plugin. -->","yoast_head_json":{"title":"IslaMujeres - Cuervos","robots":{"index":"index","follow":"follow","max-snippet":"max-snippet:-1","max-image-preview":"max-image-preview:large","max-video-preview":"max-video-preview:-1"},"canonical":"https:\/\/entrecuervos.com\/index.php\/islamujeres\/","og_locale":"es_ES","og_type":"article","og_title":"IslaMujeres - Cuervos","og_description":"Transportamos informaci\u00f3n cargada de \u00e9tica profesional y compromiso con la libertad de escribir en forma veraz del quehacer pol\u00edtico, empresarial, gobierno y cultural de Quintana Roo. Your browser does not support the audio element.","og_url":"https:\/\/entrecuervos.com\/index.php\/islamujeres\/","og_site_name":"Cuervos","article_publisher":"https:\/\/www.facebook.com\/profile.php?id=61567087775946","article_modified_time":"2026-01-09T03:12:41+00:00","og_image":[{"width":500,"height":500,"url":"https:\/\/entrecuervos.com\/wp-content\/uploads\/2024\/10\/cuervos.png","type":"image\/png"}],"twitter_card":"summary_large_image","twitter_site":"@Cuervos02","twitter_misc":{"Tiempo de lectura":"1 minuto"},"schema":{"@context":"https:\/\/schema.org","@graph":[{"@type":"WebPage","@id":"https:\/\/entrecuervos.com\/index.php\/islamujeres\/","url":"https:\/\/entrecuervos.com\/index.php\/islamujeres\/","name":"IslaMujeres - Cuervos","isPartOf":{"@id":"https:\/\/entrecuervos.com\/#website"},"primaryImageOfPage":{"@id":"https:\/\/entrecuervos.com\/index.php\/islamujeres\/#primaryimage"},"image":{"@id":"https:\/\/entrecuervos.com\/index.php\/islamujeres\/#primaryimage"},"thumbnailUrl":"https:\/\/entrecuervos.com\/wp-content\/uploads\/2024\/10\/cuervos.png","datePublished":"2026-01-09T03:12:39+00:00","dateModified":"2026-01-09T03:12:41+00:00","breadcrumb":{"@id":"https:\/\/entrecuervos.com\/index.php\/islamujeres\/#breadcrumb"},"inLanguage":"es","potentialAction":[{"@type":"ReadAction","target":["https:\/\/entrecuervos.com\/index.php\/islamujeres\/"]}]},{"@type":"ImageObject","inLanguage":"es","@id":"https:\/\/entrecuervos.com\/index.php\/islamujeres\/#primaryimage","url":"https:\/\/entrecuervos.com\/wp-content\/uploads\/2024\/10\/cuervos.png","contentUrl":"https:\/\/entrecuervos.com\/wp-content\/uploads\/2024\/10\/cuervos.png","width":500,"height":500},{"@type":"BreadcrumbList","@id":"https:\/\/entrecuervos.com\/index.php\/islamujeres\/#breadcrumb","itemListElement":[{"@type":"ListItem","position":1,"name":"Portada","item":"https:\/\/entrecuervos.com\/"},{"@type":"ListItem","position":2,"name":"IslaMujeres"}]},{"@type":"WebSite","@id":"https:\/\/entrecuervos.com\/#website","url":"https:\/\/entrecuervos.com\/","name":"cuervos","description":"El mensaje, a pesar del riesgo.","publisher":{"@id":"https:\/\/entrecuervos.com\/#organization"},"potentialAction":[{"@type":"SearchAction","target":{"@type":"EntryPoint","urlTemplate":"https:\/\/entrecuervos.com\/?s={search_term_string}"},"query-input":{"@type":"PropertyValueSpecification","valueRequired":true,"valueName":"search_term_string"}}],"inLanguage":"es"},{"@type":"Organization","@id":"https:\/\/entrecuervos.com\/#organization","name":"cuervos","url":"https:\/\/entrecuervos.com\/","logo":{"@type":"ImageObject","inLanguage":"es","@id":"https:\/\/entrecuervos.com\/#\/schema\/logo\/image\/","url":"https:\/\/entrecuervos.com\/wp-content\/uploads\/2024\/10\/cuervos.png","contentUrl":"https:\/\/entrecuervos.com\/wp-content\/uploads\/2024\/10\/cuervos.png","width":500,"height":500,"caption":"cuervos"},"image":{"@id":"https:\/\/entrecuervos.com\/#\/schema\/logo\/image\/"},"sameAs":["https:\/\/www.facebook.com\/profile.php?id=61567087775946","https:\/\/x.com\/Cuervos02"]}]}},"_links":{"self":[{"href":"https:\/\/entrecuervos.com\/index.php\/wp-json\/wp\/v2\/pages\/652","targetHints":{"allow":["GET"]}}],"collection":[{"href":"https:\/\/entrecuervos.com\/index.php\/wp-json\/wp\/v2\/pages"}],"about":[{"href":"https:\/\/entrecuervos.com\/index.php\/wp-json\/wp\/v2\/types\/page"}],"author":[{"embeddable":true,"href":"https:\/\/entrecuervos.com\/index.php\/wp-json\/wp\/v2\/users\/1"}],"replies":[{"embeddable":true,"href":"https:\/\/entrecuervos.com\/index.php\/wp-json\/wp\/v2\/comments?post=652"}],"version-history":[{"count":1,"href":"https:\/\/entrecuervos.com\/index.php\/wp-json\/wp\/v2\/pages\/652\/revisions"}],"predecessor-version":[{"id":653,"href":"https:\/\/entrecuervos.com\/index.php\/wp-json\/wp\/v2\/pages\/652\/revisions\/653"}],"wp:attachment":[{"href":"https:\/\/entrecuervos.com\/index.php\/wp-json\/wp\/v2\/media?parent=652"}],"curies":[{"name":"wp","href":"https:\/\/api.w.org\/{rel}","templated":true}]}}